{"id":207,"date":"2023-12-06T00:46:02","date_gmt":"2023-12-05T23:46:02","guid":{"rendered":"https:\/\/contentcontent.fr\/?page_id=207"},"modified":"2025-02-09T18:10:34","modified_gmt":"2025-02-09T17:10:34","slug":"mentions-legales-credits","status":"publish","type":"page","link":"https:\/\/contentcontent.fr\/index.php\/mentions-legales-credits\/","title":{"rendered":"MENTIONS L\u00c9GALES &#8211; CR\u00c9DITS"},"content":{"rendered":"\t\t<div data-elementor-type=\"wp-page\" data-elementor-id=\"207\" class=\"elementor elementor-207\">\n\t\t\t\t<div class=\"elementor-element elementor-element-bda8f72 e-flex e-con-boxed e-con e-parent\" data-id=\"bda8f72\" data-element_type=\"container\" data-e-type=\"container\">\n\t\t\t\t\t<div class=\"e-con-inner\">\n\t\t\t\t<div class=\"elementor-element elementor-element-d8b2d6a elementor-widget elementor-widget-heading\" data-id=\"d8b2d6a\" data-element_type=\"widget\" data-e-type=\"widget\" data-widget_type=\"heading.default\">\n\t\t\t\t<div class=\"elementor-widget-container\">\n\t\t\t\t\t<h2 class=\"elementor-heading-title elementor-size-default\">CR\u00c9DITS<\/h2>\t\t\t\t<\/div>\n\t\t\t\t<\/div>\n\t\t\t\t\t<\/div>\n\t\t\t\t<\/div>\n\t\t<div class=\"elementor-element elementor-element-b1d660f e-flex e-con-boxed e-con e-parent\" data-id=\"b1d660f\" data-element_type=\"container\" data-e-type=\"container\">\n\t\t\t\t\t<div class=\"e-con-inner\">\n\t\t\t\t<div class=\"elementor-element elementor-element-4a9b283 elementor-widget elementor-widget-text-editor\" data-id=\"4a9b283\" data-element_type=\"widget\" data-e-type=\"widget\" data-widget_type=\"text-editor.default\">\n\t\t\t\t<div class=\"elementor-widget-container\">\n\t\t\t\t\t\t\t\t\t<p><span style=\"font-family: Staatliches; font-size: 20px;\"><strong>Cr\u00e9dits visuels<\/strong> : <span style=\"font-family: Inter; font-size: 16px;\">Oriane ZANI<\/span><\/span><\/p><p><strong><span style=\"font-family: Staatliches; font-size: 20px;\">CR\u00c9DITS SITE INTERNET : <\/span><\/strong><span style=\"font-family: Staatliches; font-size: 20px;\"><span style=\"font-family: Inter; font-size: 16px;\">Oriane ZANI &amp; Titouan SUISSE<\/span><\/span><\/p>\t\t\t\t\t\t\t\t<\/div>\n\t\t\t\t<\/div>\n\t\t\t\t\t<\/div>\n\t\t\t\t<\/div>\n\t\t<div class=\"elementor-element elementor-element-3cbd7fc e-flex e-con-boxed e-con e-parent\" data-id=\"3cbd7fc\" data-element_type=\"container\" data-e-type=\"container\">\n\t\t\t\t\t<div class=\"e-con-inner\">\n\t\t\t\t<div class=\"elementor-element elementor-element-5d9bb45 elementor-widget elementor-widget-heading\" data-id=\"5d9bb45\" data-element_type=\"widget\" data-e-type=\"widget\" data-widget_type=\"heading.default\">\n\t\t\t\t<div class=\"elementor-widget-container\">\n\t\t\t\t\t<h2 class=\"elementor-heading-title elementor-size-default\">MENTIONS L\u00c9GALES<\/h2>\t\t\t\t<\/div>\n\t\t\t\t<\/div>\n\t\t\t\t\t<\/div>\n\t\t\t\t<\/div>\n\t\t<div class=\"elementor-element elementor-element-07a9e3f e-flex e-con-boxed e-con e-parent\" data-id=\"07a9e3f\" data-element_type=\"container\" data-e-type=\"container\">\n\t\t\t\t\t<div class=\"e-con-inner\">\n\t\t\t\t<div class=\"elementor-element elementor-element-b744959 elementor-widget elementor-widget-text-editor\" data-id=\"b744959\" data-element_type=\"widget\" data-e-type=\"widget\" data-widget_type=\"text-editor.default\">\n\t\t\t\t<div class=\"elementor-widget-container\">\n\t\t\t\t\t\t\t\t\t<p class=\"wp-block-heading vert\"><strong><span style=\"font-family: Staatliches; font-size: 20px;\">EDITEUR<br \/><\/span><\/strong><span style=\"font-family: Inter;\">TOUT DOUX<\/span><br \/><span style=\"font-family: Inter;\">Responsable d\u2019\u00e9dition : Aubin FEROUSSIER<\/span><\/p><p><strong><span style=\"font-family: Staatliches; font-size: 20px;\">ASSOCIATION TOUT DOUX<br \/><\/span><\/strong><span style=\"font-family: Inter; font-size: 16px;\">Si\u00e8ge Social<\/span><br \/><span style=\"font-family: Inter; font-size: 16px;\"><span style=\"font-weight: 400;\">2 Impasse du G\u00e9od\u00e9sique <\/span>26320 Saint-Marcel-l\u00e8s-Valence<\/span><span style=\"font-family: Inter; font-size: 16px;\"><br \/>RNA : W263012978<br \/>Code APE : 90.02Z<br \/>SIREN : 913841664<br \/>SIRET :91384166400018<\/span><span style=\"font-size: 16px; font-family: Inter;\"><br \/><\/span><\/p><p class=\"wp-block-heading\"><strong><span style=\"font-family: Staatliches; font-size: 20px;\">SECURITE<br \/><\/span><\/strong><span style=\"font-family: Inter;\">Notre billetterie en ligne utilise le site internet WEEZEVENT poss\u00e9dant la technologie https, qui encrypte toutes les informations qui transitent entre vos appareils et le site internet. Les certificats SSL vous assurent que les pages que vous visitez proviennent bien de notre site et permettent ainsi d\u2019\u00e9viter la fraude. Vous avez d\u2019autres questions concernant notre politique de confidentialit\u00e9 ? N\u2019h\u00e9sitez pas nous envoyer un email.<\/span><\/p><p><span style=\"font-family: Staatliches; font-size: 20px;\"><strong>Informations nominatives<\/strong><\/span><br \/><span style=\"font-family: Inter;\">Les informations que nous recueillons sont destin\u00e9es uniquement pour g\u00e9rer la billetterie, elles ne seront en aucun cas transmises \u00e0 des tiers. Conform\u00e9ment \u00e0 la loi &#8220;Informatique et Libert\u00e9s &#8221; , vous disposez d\u2019un droit d\u2019acc\u00e8s, de modification, de rectification et de suppression des donn\u00e9es qui vous concernent. Pour l\u2019exercer, il vous suffit d\u2019envoyer un e-mail \u00e0 assotoutdoux@gmail.com.<\/span><\/p><p><span style=\"font-family: Staatliches; font-size: 20px;\"><strong>Confidentialit\u00e9 des courriers \u00e9lectroniques<\/strong><\/span><br \/><span style=\"font-family: Inter;\">Concernant tout courrier \u00e9lectronique adress\u00e9 \u00e0 &#8220;TOUT DOUX&#8221; \u00e0 travers ce site, merci de prendre note du fait que :<\/span><br \/><span style=\"font-family: Inter;\">\u2013 le secret des correspondances transmises par le r\u00e9seau Internet n\u2019est pas garanti ;<\/span><br \/><span style=\"font-family: Inter;\">\u2013 les courriers \u00e9lectroniques sont conserv\u00e9s sur support informatique, au moins le temps n\u00e9cessaire \u00e0 l\u2019administration pour fournir une r\u00e9ponse ou de traiter votre demande.<\/span><\/p><p><span style=\"font-family: Staatliches; font-size: 20px;\"><strong>Cookies &amp; Statistiques<br \/><\/strong><\/span><span style=\"font-family: Inter;\">Les cookies sont de petits fichiers \u00e9lectroniques qu\u2019un site Web peut transf\u00e9rer sur le disque dur d\u2019un utilisateur pour identifier ce dernier et personnaliser son utilisation de ce site Web. Le site contentcontent.fr ne collecte que les informations standard et n\u00e9cessaire pour la billetterie et le suivi du nombre de participants. Vous pouvez \u00e9galement refuser les cookies pour cela vous devez pr\u00e9ciser la proc\u00e9dure pour supprimer les cookies sur un poste.<\/span><\/p>\t\t\t\t\t\t\t\t<\/div>\n\t\t\t\t<\/div>\n\t\t\t\t\t<\/div>\n\t\t\t\t<\/div>\n\t\t\t\t<\/div>\n\t\t","protected":false},"excerpt":{"rendered":"<p>CR\u00c9DITS Cr\u00e9dits visuels : Oriane ZANI CR\u00c9DITS SITE INTERNET : Oriane ZANI &amp; Titouan SUISSE MENTIONS L\u00c9GALES EDITEURTOUT DOUXResponsable d\u2019\u00e9dition : Aubin FEROUSSIER ASSOCIATION TOUT DOUXSi\u00e8ge Social2 Impasse du G\u00e9od\u00e9sique 26320 Saint-Marcel-l\u00e8s-ValenceRNA : W263012978Code APE : 90.02ZSIREN : 913841664SIRET :91384166400018 SECURITENotre billetterie en ligne utilise le site internet WEEZEVENT poss\u00e9dant la technologie https, qui encrypte [&hellip;]<\/p>\n","protected":false},"author":4,"featured_media":0,"parent":0,"menu_order":0,"comment_status":"closed","ping_status":"closed","template":"","meta":{"site-sidebar-layout":"no-sidebar","site-content-layout":"","ast-site-content-layout":"full-width-container","site-content-style":"default","site-sidebar-style":"default","ast-global-header-display":"","ast-banner-title-visibility":"","ast-main-header-display":"","ast-hfb-above-header-display":"","ast-hfb-below-header-display":"","ast-hfb-mobile-header-display":"","site-post-title":"disabled","ast-breadcrumbs-content":"","ast-featured-img":"disabled","footer-sml-layout":"","ast-disable-related-posts":"","theme-transparent-header-meta":"","adv-header-id-meta":"","stick-header-meta":"","header-above-stick-meta":"","header-main-stick-meta":"","header-below-stick-meta":"","astra-migrate-meta-layouts":"default","ast-page-background-enabled":"default","ast-page-background-meta":{"desktop":{"background-color":"var(--ast-global-color-4)","background-image":"","background-repeat":"repeat","background-position":"center center","background-size":"auto","background-attachment":"scroll","background-type":"","background-media":"","overlay-type":"","overlay-color":"","overlay-opacity":"","overlay-gradient":""},"tablet":{"background-color":"","background-image":"","background-repeat":"repeat","background-position":"center center","background-size":"auto","background-attachment":"scroll","background-type":"","background-media":"","overlay-type":"","overlay-color":"","overlay-opacity":"","overlay-gradient":""},"mobile":{"background-color":"","background-image":"","background-repeat":"repeat","background-position":"center center","background-size":"auto","background-attachment":"scroll","background-type":"","background-media":"","overlay-type":"","overlay-color":"","overlay-opacity":"","overlay-gradient":""}},"ast-content-background-meta":{"desktop":{"background-color":"var(--ast-global-color-5)","background-image":"","background-repeat":"repeat","background-position":"center center","background-size":"auto","background-attachment":"scroll","background-type":"","background-media":"","overlay-type":"","overlay-color":"","overlay-opacity":"","overlay-gradient":""},"tablet":{"background-color":"var(--ast-global-color-5)","background-image":"","background-repeat":"repeat","background-position":"center center","background-size":"auto","background-attachment":"scroll","background-type":"","background-media":"","overlay-type":"","overlay-color":"","overlay-opacity":"","overlay-gradient":""},"mobile":{"background-color":"var(--ast-global-color-5)","background-image":"","background-repeat":"repeat","background-position":"center center","background-size":"auto","background-attachment":"scroll","background-type":"","background-media":"","overlay-type":"","overlay-color":"","overlay-opacity":"","overlay-gradient":""}},"footnotes":""},"class_list":["post-207","page","type-page","status-publish","hentry"],"yoast_head":"<!-- This site is optimized with the Yoast SEO plugin v27.4 - https:\/\/yoast.com\/product\/yoast-seo-wordpress\/ -->\n<title>MENTIONS L\u00c9GALES - CR\u00c9DITS - Content Content Festival<\/title>\n<meta name=\"robots\" content=\"index, follow, max-snippet:-1, max-image-preview:large, max-video-preview:-1\" \/>\n<link rel=\"canonical\" href=\"https:\/\/contentcontent.fr\/index.php\/mentions-legales-credits\/\" \/>\n<meta property=\"og:locale\" content=\"en_US\" \/>\n<meta property=\"og:type\" content=\"article\" \/>\n<meta property=\"og:title\" content=\"MENTIONS L\u00c9GALES - CR\u00c9DITS - Content Content Festival\" \/>\n<meta property=\"og:description\" content=\"CR\u00c9DITS Cr\u00e9dits visuels : Oriane ZANI CR\u00c9DITS SITE INTERNET : Oriane ZANI &amp; Titouan SUISSE MENTIONS L\u00c9GALES EDITEURTOUT DOUXResponsable d\u2019\u00e9dition : Aubin FEROUSSIER ASSOCIATION TOUT DOUXSi\u00e8ge Social2 Impasse du G\u00e9od\u00e9sique 26320 Saint-Marcel-l\u00e8s-ValenceRNA : W263012978Code APE : 90.02ZSIREN : 913841664SIRET :91384166400018 SECURITENotre billetterie en ligne utilise le site internet WEEZEVENT poss\u00e9dant la technologie https, qui encrypte [&hellip;]\" \/>\n<meta property=\"og:url\" content=\"https:\/\/contentcontent.fr\/index.php\/mentions-legales-credits\/\" \/>\n<meta property=\"og:site_name\" content=\"Content Content Festival\" \/>\n<meta property=\"article:modified_time\" content=\"2025-02-09T17:10:34+00:00\" \/>\n<meta name=\"twitter:card\" content=\"summary_large_image\" \/>\n<meta name=\"twitter:label1\" content=\"Est. reading time\" \/>\n\t<meta name=\"twitter:data1\" content=\"2 minutes\" \/>\n<script type=\"application\/ld+json\" class=\"yoast-schema-graph\">{\"@context\":\"https:\\\/\\\/schema.org\",\"@graph\":[{\"@type\":\"WebPage\",\"@id\":\"https:\\\/\\\/contentcontent.fr\\\/index.php\\\/mentions-legales-credits\\\/\",\"url\":\"https:\\\/\\\/contentcontent.fr\\\/index.php\\\/mentions-legales-credits\\\/\",\"name\":\"MENTIONS L\u00c9GALES - CR\u00c9DITS - Content Content Festival\",\"isPartOf\":{\"@id\":\"https:\\\/\\\/contentcontent.fr\\\/#website\"},\"datePublished\":\"2023-12-05T23:46:02+00:00\",\"dateModified\":\"2025-02-09T17:10:34+00:00\",\"breadcrumb\":{\"@id\":\"https:\\\/\\\/contentcontent.fr\\\/index.php\\\/mentions-legales-credits\\\/#breadcrumb\"},\"inLanguage\":\"en-US\",\"potentialAction\":[{\"@type\":\"ReadAction\",\"target\":[\"https:\\\/\\\/contentcontent.fr\\\/index.php\\\/mentions-legales-credits\\\/\"]}]},{\"@type\":\"BreadcrumbList\",\"@id\":\"https:\\\/\\\/contentcontent.fr\\\/index.php\\\/mentions-legales-credits\\\/#breadcrumb\",\"itemListElement\":[{\"@type\":\"ListItem\",\"position\":1,\"name\":\"Accueil\",\"item\":\"https:\\\/\\\/contentcontent.fr\\\/\"},{\"@type\":\"ListItem\",\"position\":2,\"name\":\"MENTIONS L\u00c9GALES &#8211; CR\u00c9DITS\"}]},{\"@type\":\"WebSite\",\"@id\":\"https:\\\/\\\/contentcontent.fr\\\/#website\",\"url\":\"https:\\\/\\\/contentcontent.fr\\\/\",\"name\":\"Content Content Festival\",\"description\":\"Festival de musique\",\"publisher\":{\"@id\":\"https:\\\/\\\/contentcontent.fr\\\/#organization\"},\"potentialAction\":[{\"@type\":\"SearchAction\",\"target\":{\"@type\":\"EntryPoint\",\"urlTemplate\":\"https:\\\/\\\/contentcontent.fr\\\/?s={search_term_string}\"},\"query-input\":{\"@type\":\"PropertyValueSpecification\",\"valueRequired\":true,\"valueName\":\"search_term_string\"}}],\"inLanguage\":\"en-US\"},{\"@type\":\"Organization\",\"@id\":\"https:\\\/\\\/contentcontent.fr\\\/#organization\",\"name\":\"Content Content Festival\",\"url\":\"https:\\\/\\\/contentcontent.fr\\\/\",\"logo\":{\"@type\":\"ImageObject\",\"inLanguage\":\"en-US\",\"@id\":\"https:\\\/\\\/contentcontent.fr\\\/#\\\/schema\\\/logo\\\/image\\\/\",\"url\":\"https:\\\/\\\/contentcontent.fr\\\/wp-content\\\/uploads\\\/2026\\\/02\\\/Illustration_sans_titre-74.png\",\"contentUrl\":\"https:\\\/\\\/contentcontent.fr\\\/wp-content\\\/uploads\\\/2026\\\/02\\\/Illustration_sans_titre-74.png\",\"width\":857,\"height\":893,\"caption\":\"Content Content Festival\"},\"image\":{\"@id\":\"https:\\\/\\\/contentcontent.fr\\\/#\\\/schema\\\/logo\\\/image\\\/\"}}]}<\/script>\n<!-- \/ Yoast SEO plugin. -->","yoast_head_json":{"title":"MENTIONS L\u00c9GALES - CR\u00c9DITS - Content Content Festival","robots":{"index":"index","follow":"follow","max-snippet":"max-snippet:-1","max-image-preview":"max-image-preview:large","max-video-preview":"max-video-preview:-1"},"canonical":"https:\/\/contentcontent.fr\/index.php\/mentions-legales-credits\/","og_locale":"en_US","og_type":"article","og_title":"MENTIONS L\u00c9GALES - CR\u00c9DITS - Content Content Festival","og_description":"CR\u00c9DITS Cr\u00e9dits visuels : Oriane ZANI CR\u00c9DITS SITE INTERNET : Oriane ZANI &amp; Titouan SUISSE MENTIONS L\u00c9GALES EDITEURTOUT DOUXResponsable d\u2019\u00e9dition : Aubin FEROUSSIER ASSOCIATION TOUT DOUXSi\u00e8ge Social2 Impasse du G\u00e9od\u00e9sique 26320 Saint-Marcel-l\u00e8s-ValenceRNA : W263012978Code APE : 90.02ZSIREN : 913841664SIRET :91384166400018 SECURITENotre billetterie en ligne utilise le site internet WEEZEVENT poss\u00e9dant la technologie https, qui encrypte [&hellip;]","og_url":"https:\/\/contentcontent.fr\/index.php\/mentions-legales-credits\/","og_site_name":"Content Content Festival","article_modified_time":"2025-02-09T17:10:34+00:00","twitter_card":"summary_large_image","twitter_misc":{"Est. reading time":"2 minutes"},"schema":{"@context":"https:\/\/schema.org","@graph":[{"@type":"WebPage","@id":"https:\/\/contentcontent.fr\/index.php\/mentions-legales-credits\/","url":"https:\/\/contentcontent.fr\/index.php\/mentions-legales-credits\/","name":"MENTIONS L\u00c9GALES - CR\u00c9DITS - Content Content Festival","isPartOf":{"@id":"https:\/\/contentcontent.fr\/#website"},"datePublished":"2023-12-05T23:46:02+00:00","dateModified":"2025-02-09T17:10:34+00:00","breadcrumb":{"@id":"https:\/\/contentcontent.fr\/index.php\/mentions-legales-credits\/#breadcrumb"},"inLanguage":"en-US","potentialAction":[{"@type":"ReadAction","target":["https:\/\/contentcontent.fr\/index.php\/mentions-legales-credits\/"]}]},{"@type":"BreadcrumbList","@id":"https:\/\/contentcontent.fr\/index.php\/mentions-legales-credits\/#breadcrumb","itemListElement":[{"@type":"ListItem","position":1,"name":"Accueil","item":"https:\/\/contentcontent.fr\/"},{"@type":"ListItem","position":2,"name":"MENTIONS L\u00c9GALES &#8211; CR\u00c9DITS"}]},{"@type":"WebSite","@id":"https:\/\/contentcontent.fr\/#website","url":"https:\/\/contentcontent.fr\/","name":"Content Content Festival","description":"Festival de musique","publisher":{"@id":"https:\/\/contentcontent.fr\/#organization"},"potentialAction":[{"@type":"SearchAction","target":{"@type":"EntryPoint","urlTemplate":"https:\/\/contentcontent.fr\/?s={search_term_string}"},"query-input":{"@type":"PropertyValueSpecification","valueRequired":true,"valueName":"search_term_string"}}],"inLanguage":"en-US"},{"@type":"Organization","@id":"https:\/\/contentcontent.fr\/#organization","name":"Content Content Festival","url":"https:\/\/contentcontent.fr\/","logo":{"@type":"ImageObject","inLanguage":"en-US","@id":"https:\/\/contentcontent.fr\/#\/schema\/logo\/image\/","url":"https:\/\/contentcontent.fr\/wp-content\/uploads\/2026\/02\/Illustration_sans_titre-74.png","contentUrl":"https:\/\/contentcontent.fr\/wp-content\/uploads\/2026\/02\/Illustration_sans_titre-74.png","width":857,"height":893,"caption":"Content Content Festival"},"image":{"@id":"https:\/\/contentcontent.fr\/#\/schema\/logo\/image\/"}}]}},"_links":{"self":[{"href":"https:\/\/contentcontent.fr\/index.php\/wp-json\/wp\/v2\/pages\/207","targetHints":{"allow":["GET"]}}],"collection":[{"href":"https:\/\/contentcontent.fr\/index.php\/wp-json\/wp\/v2\/pages"}],"about":[{"href":"https:\/\/contentcontent.fr\/index.php\/wp-json\/wp\/v2\/types\/page"}],"author":[{"embeddable":true,"href":"https:\/\/contentcontent.fr\/index.php\/wp-json\/wp\/v2\/users\/4"}],"replies":[{"embeddable":true,"href":"https:\/\/contentcontent.fr\/index.php\/wp-json\/wp\/v2\/comments?post=207"}],"version-history":[{"count":35,"href":"https:\/\/contentcontent.fr\/index.php\/wp-json\/wp\/v2\/pages\/207\/revisions"}],"predecessor-version":[{"id":2563,"href":"https:\/\/contentcontent.fr\/index.php\/wp-json\/wp\/v2\/pages\/207\/revisions\/2563"}],"wp:attachment":[{"href":"https:\/\/contentcontent.fr\/index.php\/wp-json\/wp\/v2\/media?parent=207"}],"curies":[{"name":"wp","href":"https:\/\/api.w.org\/{rel}","templated":true}]}}